{"id":21,"date":"2022-03-20T10:18:04","date_gmt":"2022-03-20T10:18:04","guid":{"rendered":"https:\/\/ecurie-harmont.ch\/?page_id=21"},"modified":"2025-07-19T10:56:08","modified_gmt":"2025-07-19T10:56:08","slug":"pensions","status":"publish","type":"page","link":"https:\/\/ecurie-harmont.ch\/index.php\/pensions\/","title":{"rendered":"Pensions"},"content":{"rendered":"<h2>Type de chevaux<\/h2>\n<p>Notre pension est destin\u00e9e principalement aux poulains, chevaux actifs et chevaux retrait\u00e9s<\/p>\n<h2>Espace stabulation<\/h2>\n<p>Les chevaux sont en stabulation libre avec une \u00e9curie ferm\u00e9e d\u2019environ 260m<sup>2<\/sup>, une aire de sortie stabilis\u00e9e de 250m<sup>2<\/sup>. L\u2019espace peut \u00eatre s\u00e9par\u00e9 en deux partie pour deux troupeaux ou\u00a0 \u00eatre totalement ouvert pour un seul troupeau.<\/p>\n<p>L\u2019organisation (un ou deux troupeaux) est d\u00e9finie en fonction des besoins alimentaires et\/ou des affinit\u00e9s des pensionnaires.<\/p>\n<h2>Fourrage<\/h2>\n<p>Nous donnons \u00e0 nos pensionnaires du foin de la meilleure qualit\u00e9 possible, ainsi que de la paille de bl\u00e9. Le foin est donn\u00e9 \u00e0 volont\u00e9 sous filet.<\/p>\n<h2>Notre philosophie<\/h2>\n<p>Une personne est pr\u00e9sente sur place \u00e0 plein temps, nous travaillons en fonction des besoins du cheval, de la m\u00e9t\u00e9o, avec une surveillance et un suivi de chaque cheval. Le cheval n\u2019a pas de calendrier, jours f\u00e9ri\u00e9, jours ouvrables, les soins ne changent pas .\u00a0 Votre cheval sera chez lui et bien soign\u00e9 !<\/p>\n<p><a href=\"https:\/\/ecurie-harmont.ch\/index.php\/tarifs-des-pensions\/\"><strong><em>Tarifs<\/em><\/strong><\/a><\/p>\n","protected":false},"excerpt":{"rendered":"<p>Type de chevaux Notre pension est destin\u00e9e principalement aux poulains, chevaux actifs et chevaux retrait\u00e9s Espace stabulation Les chevaux sont en stabulation libre avec une \u00e9curie ferm\u00e9e d\u2019environ 260m2, une aire de sortie stabilis\u00e9e de 250m2. L\u2019espace peut \u00eatre s\u00e9par\u00e9 en deux partie pour deux troupeaux ou\u00a0 \u00eatre totalement ouvert pour un seul troupeau. L\u2019organisation &hellip; <\/p>\n<p class=\"link-more\"><a href=\"https:\/\/ecurie-harmont.ch\/index.php\/pensions\/\" class=\"more-link\">Continuer la lecture<span class=\"screen-reader-text\"> de &laquo;&nbsp;Pensions&nbsp;&raquo;<\/span><\/a><\/p>\n","protected":false},"author":1,"featured_media":311,"parent":0,"menu_order":3,"comment_status":"closed","ping_status":"closed","template":"","meta":{"footnotes":""},"class_list":["post-21","page","type-page","status-publish","has-post-thumbnail","hentry"],"jetpack_sharing_enabled":true,"_links":{"self":[{"href":"https:\/\/ecurie-harmont.ch\/index.php\/wp-json\/wp\/v2\/pages\/21","targetHints":{"allow":["GET"]}}],"collection":[{"href":"https:\/\/ecurie-harmont.ch\/index.php\/wp-json\/wp\/v2\/pages"}],"about":[{"href":"https:\/\/ecurie-harmont.ch\/index.php\/wp-json\/wp\/v2\/types\/page"}],"author":[{"embeddable":true,"href":"https:\/\/ecurie-harmont.ch\/index.php\/wp-json\/wp\/v2\/users\/1"}],"replies":[{"embeddable":true,"href":"https:\/\/ecurie-harmont.ch\/index.php\/wp-json\/wp\/v2\/comments?post=21"}],"version-history":[{"count":12,"href":"https:\/\/ecurie-harmont.ch\/index.php\/wp-json\/wp\/v2\/pages\/21\/revisions"}],"predecessor-version":[{"id":329,"href":"https:\/\/ecurie-harmont.ch\/index.php\/wp-json\/wp\/v2\/pages\/21\/revisions\/329"}],"wp:featuredmedia":[{"embeddable":true,"href":"https:\/\/ecurie-harmont.ch\/index.php\/wp-json\/wp\/v2\/media\/311"}],"wp:attachment":[{"href":"https:\/\/ecurie-harmont.ch\/index.php\/wp-json\/wp\/v2\/media?parent=21"}],"curies":[{"name":"wp","href":"https:\/\/api.w.org\/{rel}","templated":true}]}}