{"id":22,"date":"2022-03-20T10:18:04","date_gmt":"2022-03-20T10:18:04","guid":{"rendered":"https:\/\/ecurie-harmont.ch\/?page_id=22"},"modified":"2025-07-19T10:51:39","modified_gmt":"2025-07-19T10:51:39","slug":"balades","status":"publish","type":"page","link":"https:\/\/ecurie-harmont.ch\/index.php\/balades\/","title":{"rendered":"Balades"},"content":{"rendered":"<p>Nous proposons des balades (accompagn\u00e9es) pour 1 \u00e0 2 personnes (exp\u00e9rience requise), possibilit\u00e9 de prendre un cours durant la balade<\/p>\n<p>La balade ou le cours dure environ 2h y compris pr\u00e9paration du cheval.<\/p>\n<p><em>Balade 2h : 50.-\/ personne<\/em><\/p>\n<p><em>Cours 2h : 60.-\/personne<\/em><\/p>\n<p><strong>Bombe et chaussures montantes obligatoires et non fournies<\/strong><\/p>\n","protected":false},"excerpt":{"rendered":"<p>Nous proposons des balades (accompagn\u00e9es) pour 1 \u00e0 2 personnes (exp\u00e9rience requise), possibilit\u00e9 de prendre un cours durant la balade La balade ou le cours dure environ 2h y compris pr\u00e9paration du cheval. Balade 2h : 50.-\/ personne Cours 2h : 60.-\/personne Bombe et chaussures montantes obligatoires et non fournies<\/p>\n","protected":false},"author":1,"featured_media":318,"parent":0,"menu_order":7,"comment_status":"closed","ping_status":"closed","template":"","meta":{"footnotes":""},"class_list":["post-22","page","type-page","status-publish","has-post-thumbnail","hentry"],"jetpack_sharing_enabled":true,"_links":{"self":[{"href":"https:\/\/ecurie-harmont.ch\/index.php\/wp-json\/wp\/v2\/pages\/22","targetHints":{"allow":["GET"]}}],"collection":[{"href":"https:\/\/ecurie-harmont.ch\/index.php\/wp-json\/wp\/v2\/pages"}],"about":[{"href":"https:\/\/ecurie-harmont.ch\/index.php\/wp-json\/wp\/v2\/types\/page"}],"author":[{"embeddable":true,"href":"https:\/\/ecurie-harmont.ch\/index.php\/wp-json\/wp\/v2\/users\/1"}],"replies":[{"embeddable":true,"href":"https:\/\/ecurie-harmont.ch\/index.php\/wp-json\/wp\/v2\/comments?post=22"}],"version-history":[{"count":5,"href":"https:\/\/ecurie-harmont.ch\/index.php\/wp-json\/wp\/v2\/pages\/22\/revisions"}],"predecessor-version":[{"id":102,"href":"https:\/\/ecurie-harmont.ch\/index.php\/wp-json\/wp\/v2\/pages\/22\/revisions\/102"}],"wp:featuredmedia":[{"embeddable":true,"href":"https:\/\/ecurie-harmont.ch\/index.php\/wp-json\/wp\/v2\/media\/318"}],"wp:attachment":[{"href":"https:\/\/ecurie-harmont.ch\/index.php\/wp-json\/wp\/v2\/media?parent=22"}],"curies":[{"name":"wp","href":"https:\/\/api.w.org\/{rel}","templated":true}]}}