{"id":291,"date":"2024-10-10T13:09:55","date_gmt":"2024-10-10T13:09:55","guid":{"rendered":"https:\/\/ecurie-harmont.ch\/?page_id=291"},"modified":"2024-10-28T07:58:23","modified_gmt":"2024-10-28T07:58:23","slug":"fondue-sur-la-caleche","status":"publish","type":"page","link":"https:\/\/ecurie-harmont.ch\/index.php\/fondue-sur-la-caleche\/","title":{"rendered":"Fondue sur la cal\u00e8che"},"content":{"rendered":"<p data-color=\"&quot;cmyk(0,0,0,100)&quot;\" data-size=\"{&quot;value&quot;:11}\" data-line-height=\"1.28959em\"><span data-color=\"&quot;cmyk(0,0,0,100)&quot;\" data-size=\"{&quot;value&quot;:11}\" data-line-height=\"1.28959em\">Laissez-vous guider autour du lac des Taill\u00e8res sur notre cal\u00e8che sp\u00e9cialement am\u00e9nag\u00e9e. Commencez la balade par un ap\u00e9ritif compos\u00e9 de la boisson de votre choix et d&rsquo;une saucisse s\u00e8che de la r\u00e9gion, puis allumez le r\u00e9chaud et pr\u00e9parez votre fondue avant de la d\u00e9guster sur les rives du lac. <\/span><\/p>\n<p data-color=\"&quot;cmyk(0,0,0,100)&quot;\" data-size=\"{&quot;value&quot;:11}\" data-line-height=\"1.28959em\"><span data-color=\"&quot;cmyk(0,0,0,100)&quot;\" data-size=\"{&quot;value&quot;:11}\" data-line-height=\"1.28959em\">La balade dure entre 1h et 1h30, jusqu&rsquo;\u00e0 4 personnes, sur r\u00e9servation uniquement.<\/span><\/p>\n<p data-color=\"&quot;cmyk(0,0,0,100)&quot;\" data-size=\"{&quot;value&quot;:11}\" data-line-height=\"1.28959em\">R\u00e9servations au +41 79 829 82 85<\/p>\n<p data-color=\"&quot;cmyk(0,0,0,100)&quot;\" data-size=\"{&quot;value&quot;:11}\" data-line-height=\"1.28959em\"><span data-color=\"&quot;cmyk(0,0,0,100)&quot;\" data-size=\"{&quot;value&quot;:11}\" data-line-height=\"1.28959em\">En cas de mauvaise m\u00e9t\u00e9o ou de blessure d&rsquo;un cheval, la r\u00e9servation peut \u00eatre d\u00e9plac\u00e9e ou annul\u00e9<\/span><\/p>\n<p data-color=\"&quot;cmyk(0,0,0,100)&quot;\" data-size=\"{&quot;value&quot;:11}\" data-line-height=\"1.28959em\"><em><strong><a href=\"https:\/\/ecurie-harmont.ch\/index.php\/tarifs-balades-en-caleche\/\">Tarifs<\/a><\/strong><\/em><\/p>\n","protected":false},"excerpt":{"rendered":"<p>Laissez-vous guider autour du lac des Taill\u00e8res sur notre cal\u00e8che sp\u00e9cialement am\u00e9nag\u00e9e. Commencez la balade par un ap\u00e9ritif compos\u00e9 de la boisson de votre choix et d&rsquo;une saucisse s\u00e8che de la r\u00e9gion, puis allumez le r\u00e9chaud et pr\u00e9parez votre fondue avant de la d\u00e9guster sur les rives du lac. La balade dure entre 1h et &hellip; <\/p>\n<p class=\"link-more\"><a href=\"https:\/\/ecurie-harmont.ch\/index.php\/fondue-sur-la-caleche\/\" class=\"more-link\">Continuer la lecture<span class=\"screen-reader-text\"> de &laquo;&nbsp;Fondue sur la cal\u00e8che&nbsp;&raquo;<\/span><\/a><\/p>\n","protected":false},"author":1,"featured_media":293,"parent":0,"menu_order":2,"comment_status":"closed","ping_status":"closed","template":"","meta":{"footnotes":""},"class_list":["post-291","page","type-page","status-publish","has-post-thumbnail","hentry"],"jetpack_sharing_enabled":true,"_links":{"self":[{"href":"https:\/\/ecurie-harmont.ch\/index.php\/wp-json\/wp\/v2\/pages\/291","targetHints":{"allow":["GET"]}}],"collection":[{"href":"https:\/\/ecurie-harmont.ch\/index.php\/wp-json\/wp\/v2\/pages"}],"about":[{"href":"https:\/\/ecurie-harmont.ch\/index.php\/wp-json\/wp\/v2\/types\/page"}],"author":[{"embeddable":true,"href":"https:\/\/ecurie-harmont.ch\/index.php\/wp-json\/wp\/v2\/users\/1"}],"replies":[{"embeddable":true,"href":"https:\/\/ecurie-harmont.ch\/index.php\/wp-json\/wp\/v2\/comments?post=291"}],"version-history":[{"count":6,"href":"https:\/\/ecurie-harmont.ch\/index.php\/wp-json\/wp\/v2\/pages\/291\/revisions"}],"predecessor-version":[{"id":323,"href":"https:\/\/ecurie-harmont.ch\/index.php\/wp-json\/wp\/v2\/pages\/291\/revisions\/323"}],"wp:featuredmedia":[{"embeddable":true,"href":"https:\/\/ecurie-harmont.ch\/index.php\/wp-json\/wp\/v2\/media\/293"}],"wp:attachment":[{"href":"https:\/\/ecurie-harmont.ch\/index.php\/wp-json\/wp\/v2\/media?parent=291"}],"curies":[{"name":"wp","href":"https:\/\/api.w.org\/{rel}","templated":true}]}}