{"id":297,"date":"2024-10-10T13:32:09","date_gmt":"2024-10-10T13:32:09","guid":{"rendered":"https:\/\/ecurie-harmont.ch\/?page_id=297"},"modified":"2025-07-19T10:49:47","modified_gmt":"2025-07-19T10:49:47","slug":"tarifs-balades-en-caleche","status":"publish","type":"page","link":"https:\/\/ecurie-harmont.ch\/index.php\/tarifs-balades-en-caleche\/","title":{"rendered":"Tarifs balades en cal\u00e8che"},"content":{"rendered":"<p>&nbsp;<\/p>\n<p>Liste de prix :<\/p>\n<table style=\"height: 359px;\" width=\"584\">\n<tbody>\n<tr>\n<td width=\"489\"><strong>Balade en cal\u00e8che (prix de base)<\/strong><\/td>\n<td width=\"125\"><strong>150.-<\/strong><\/td>\n<\/tr>\n<tr>\n<td width=\"489\">Avec ap\u00e9ro + fondue*<\/td>\n<td width=\"125\">25.-<\/td>\n<\/tr>\n<tr>\n<td width=\"489\">Avec planchette*<\/td>\n<td width=\"125\">10.-<\/td>\n<\/tr>\n<tr>\n<td width=\"489\">Clos de Barin Blanc, La C\u00f4te 75cl<\/td>\n<td width=\"125\">20.-<\/td>\n<\/tr>\n<tr>\n<td width=\"489\">Clos de Barin rouge, La C\u00f4te 75cl<\/td>\n<td width=\"125\">25.-<\/td>\n<\/tr>\n<tr>\n<td width=\"489\">Kirsch<\/td>\n<td width=\"125\">3.-<\/td>\n<\/tr>\n<tr>\n<td width=\"489\">Absinthe des Vall\u00e9es<\/td>\n<td width=\"125\">5.-<\/td>\n<\/tr>\n<\/tbody>\n<\/table>\n<p>*<em>Prix par personne, uniquement sur r\u00e9servation<\/em><\/p>\n<p><strong>1<sup>er<\/sup> verre offert\u00a0!<\/strong><strong>\u00a0<\/strong><\/p>\n<p><em>Provenance des produits :<\/em><br \/>\n<em>Fondue : Fromagerie de B\u00e9mont, la Br\u00e9vine<\/em><br \/>\n<em>Saucisson : Boucherie de la Sib\u00e9rie, La Br\u00e9vine<\/em><br \/>\n<em>Pain : Boulangerie Chrisian Lebrat, La Br\u00e9vine<\/em><br \/>\n<em>Vin : Produit par le p\u00e8re de votre meneuse, Ferdinand Baumgartner, Genolier<\/em><br \/>\n<em>Absinthe : La Chaux-du-Milieu<\/em><\/p>\n","protected":false},"excerpt":{"rendered":"<p>&nbsp; Liste de prix : Balade en cal\u00e8che (prix de base) 150.- Avec ap\u00e9ro + fondue* 25.- Avec planchette* 10.- Clos de Barin Blanc, La C\u00f4te 75cl 20.- Clos de Barin rouge, La C\u00f4te 75cl 25.- Kirsch 3.- Absinthe des Vall\u00e9es 5.- *Prix par personne, uniquement sur r\u00e9servation 1er verre offert\u00a0!\u00a0 Provenance des produits : &hellip; <\/p>\n<p class=\"link-more\"><a href=\"https:\/\/ecurie-harmont.ch\/index.php\/tarifs-balades-en-caleche\/\" class=\"more-link\">Continuer la lecture<span class=\"screen-reader-text\"> de &laquo;&nbsp;Tarifs balades en cal\u00e8che&nbsp;&raquo;<\/span><\/a><\/p>\n","protected":false},"author":1,"featured_media":317,"parent":0,"menu_order":0,"comment_status":"closed","ping_status":"closed","template":"","meta":{"footnotes":""},"class_list":["post-297","page","type-page","status-publish","has-post-thumbnail","hentry"],"jetpack_sharing_enabled":true,"_links":{"self":[{"href":"https:\/\/ecurie-harmont.ch\/index.php\/wp-json\/wp\/v2\/pages\/297","targetHints":{"allow":["GET"]}}],"collection":[{"href":"https:\/\/ecurie-harmont.ch\/index.php\/wp-json\/wp\/v2\/pages"}],"about":[{"href":"https:\/\/ecurie-harmont.ch\/index.php\/wp-json\/wp\/v2\/types\/page"}],"author":[{"embeddable":true,"href":"https:\/\/ecurie-harmont.ch\/index.php\/wp-json\/wp\/v2\/users\/1"}],"replies":[{"embeddable":true,"href":"https:\/\/ecurie-harmont.ch\/index.php\/wp-json\/wp\/v2\/comments?post=297"}],"version-history":[{"count":6,"href":"https:\/\/ecurie-harmont.ch\/index.php\/wp-json\/wp\/v2\/pages\/297\/revisions"}],"predecessor-version":[{"id":327,"href":"https:\/\/ecurie-harmont.ch\/index.php\/wp-json\/wp\/v2\/pages\/297\/revisions\/327"}],"wp:featuredmedia":[{"embeddable":true,"href":"https:\/\/ecurie-harmont.ch\/index.php\/wp-json\/wp\/v2\/media\/317"}],"wp:attachment":[{"href":"https:\/\/ecurie-harmont.ch\/index.php\/wp-json\/wp\/v2\/media?parent=297"}],"curies":[{"name":"wp","href":"https:\/\/api.w.org\/{rel}","templated":true}]}}